{"id":85,"date":"2025-03-02T12:56:58","date_gmt":"2025-03-02T12:56:58","guid":{"rendered":"https:\/\/www.mariannabliss.fi\/?page_id=85"},"modified":"2026-01-25T17:49:28","modified_gmt":"2026-01-25T17:49:28","slug":"meikit","status":"publish","type":"page","link":"http:\/\/www.mariannabliss.fi\/index.php\/etusivu\/meikit\/","title":{"rendered":"Meikkaaja"},"content":{"rendered":"\n<h2 class=\"wp-block-heading\"><strong>Meikit Lahdessa \u2013 kauneus, joka kest\u00e4\u00e4 koko p\u00e4iv\u00e4n<\/strong><\/h2>\n\n\n\n<p>Tervetuloa Marianna Bliss -meikkipalveluihin! Olen <a href=\"https:\/\/www.mariannabliss.fi\/index.php\/etusivu\/minusta\/\" data-type=\"page\" data-id=\"82\">Marianna<\/a>, ammattilainen meikkitaiteilija Lahdessa, ja intohimoni on luoda kauniita, kest\u00e4vi\u00e4 ja luonnollisia meikkej\u00e4, jotka tekev\u00e4t asiakkaistani itsevarmoja ja kauniita omassa ihossaan. Meikin ei tarvitse olla vain ulkoista kauneutta \u2013 sen tulee heijastaa my\u00f6s sis\u00e4ist\u00e4 hehkua ja korostaa asiakkaan persoonallisuutta.<\/p>\n\n\n\n<p>Meikkipalveluni ovat suunniteltu niin arkeen kuin erityisiin tilaisuuksiin. Erityisesti h\u00e4\u00e4meikit, juhla- ja gaalameikit sek\u00e4 muotimeikit ovat osa asiantuntemustani, mutta my\u00f6s p\u00e4ivitt\u00e4iset meikit, jotka tuovat esiin luonnollisen kauneuden, ovat osa tarjontaani.<\/p>\n\n\n\n<h2 class=\"wp-block-heading\"><strong>H\u00e4\u00e4meikit \u2013 t\u00e4ydellinen ilme erityiseen p\u00e4iv\u00e4\u00e4n<\/strong><\/h2>\n\n\n\n<p>H\u00e4\u00e4p\u00e4iv\u00e4 on monille el\u00e4m\u00e4n suurimpia hetki\u00e4, ja kauneuden luominen morsiamelle on minulle kunnia-asia. H\u00e4\u00e4meikin tulee olla paitsi kaunis ja ajaton my\u00f6s kest\u00e4v\u00e4. Morsiamen ei tarvitse huolehtia meikist\u00e4\u00e4n koko p\u00e4iv\u00e4n aikana \u2013 sen tulee pysy\u00e4 virheett\u00f6m\u00e4n\u00e4 h\u00e4\u00e4p\u00e4iv\u00e4n huipennukseen asti.<\/p>\n\n\n\n<p>Suosittelen aina tekem\u00e4\u00e4n kokeilumeikin ennen h\u00e4\u00e4p\u00e4iv\u00e4\u00e4, jotta voimme yhdess\u00e4 k\u00e4yd\u00e4 l\u00e4pi kaikki yksityiskohdat ja l\u00f6yt\u00e4\u00e4 juuri sinulle sopivan meikin. Kokeilu antaa meille mahdollisuuden valita oikeat tuotteet ja varmistaa, ett\u00e4 meikki toimii ihotyypill\u00e4si ja s\u00e4ilytt\u00e4\u00e4 kauneutensa koko p\u00e4iv\u00e4n ajan.<\/p>\n\n\n\n<h2 class=\"wp-block-heading\"><strong>Juhla- ja gaala-meikit \u2013 tyylikkyys ja s\u00e4ihke<\/strong><\/h2>\n\n\n\n<p>Erityistilaisuudet, kuten juhlat, gaalat ja muut merkitt\u00e4v\u00e4t tilaisuudet, ansaitsevat erityisen meikin. Juhla- ja gaalameikit ovat upea tapa korostaa omaa kauneutta ja tuoda esiin tyylikkyys. Riippumatta siit\u00e4, onko kyseess\u00e4 iltapuku, cocktail-mekko tai muu juhla-asu, meikin tulee t\u00e4ydent\u00e4\u00e4 kokonaisilmett\u00e4. Minulle on t\u00e4rke\u00e4\u00e4 luoda meikki, joka on samalla tyylik\u00e4s ja persoonallinen \u2013 sill\u00e4 juhlahetket ovat juuri niit\u00e4 aikoja, jolloin voi nauttia olla kauniina ja itsevarmana.<\/p>\n\n\n\n<h2 class=\"wp-block-heading\"><strong>P\u00e4ivitt\u00e4iset meikit \u2013 luonnollinen kauneus arjessa<\/strong><\/h2>\n\n\n\n<p>P\u00e4ivitt\u00e4inen meikki ei ole vain kauneuden parantamista, vaan my\u00f6s oman kauneuden juhlaa. Meikin tulee tuoda esiin asiakkaan luonnolliset piirteet ja hehkua arjen kiireess\u00e4kin. P\u00e4ivitt\u00e4inen meikki voi olla kevyt ja raikas, mutta samalla korostaa parhaita piirteit\u00e4 \u2013 oli kyseess\u00e4 sitten ty\u00f6p\u00e4iv\u00e4, yst\u00e4vien kanssa vietetty hetki tai kaupunkilomap\u00e4iv\u00e4.<\/p>\n\n\n\n<p>Teen my\u00f6s arkimeikkej\u00e4, jotka tuntuvat kevyilt\u00e4 mutta n\u00e4ytt\u00e4v\u00e4t upeilta. Meikit, jotka ovat kest\u00e4vi\u00e4 ja pit\u00e4v\u00e4t sinut kauniina koko p\u00e4iv\u00e4n ajan \u2013 ilman huolia.<\/p>\n\n\n\n<h2 class=\"wp-block-heading\"><strong>Miksi valita Marianna Bliss meikkipalvelut Lahdessa?<\/strong><\/h2>\n\n\n\n<p>Olen <a href=\"https:\/\/www.mariannabliss.fi\/index.php\/etusivu\/minusta\/\" data-type=\"page\" data-id=\"82\">ammattilainen<\/a>, joka ymm\u00e4rt\u00e4\u00e4 kauneuden ja sen, kuinka t\u00e4rke\u00e4\u00e4 on tuntea itsens\u00e4 kauniiksi kaikissa tilanteissa. K\u00e4yt\u00e4n vain korkealaatuisia meikkituotteita, jotka takaavat kauniin ja kest\u00e4v\u00e4n lopputuloksen. Meikkipalveluni eiv\u00e4t ole pelk\u00e4st\u00e4\u00e4n ulkoista kauneutta vaan my\u00f6s itseluottamuksen luomista \u2013 haluan, ett\u00e4 sin\u00e4 tunnet olosi upeaksi kaikissa tilanteissa, oli kyseess\u00e4 t\u00e4rke\u00e4 juhla tai arjen hetki.<\/p>\n\n\n\n<p>Meikkini suunnitellaan aina yksil\u00f6llisesti asiakkaan toiveiden ja tarpeiden mukaan. Ennen h\u00e4\u00e4p\u00e4iv\u00e4\u00e4 teen kokeilumeikin, jotta varmistamme, ett\u00e4 morsian on t\u00e4ysin tyytyv\u00e4inen lopputulokseen. Samalla voimme valita oikeat tuotteet ja varmistaa, ett\u00e4 meikki kest\u00e4\u00e4 koko p\u00e4iv\u00e4n.<\/p>\n\n\n\n<h3 class=\"wp-block-heading\"><strong>Ota yhteytt\u00e4 \u2013 varaukset ja yhteydenotot<\/strong><\/h3>\n\n\n\n<p>Jos etsit ammattilaista, joka osaa luoda juuri sinulle sopivan meikin, <a href=\"https:\/\/www.mariannabliss.fi\/index.php\/yhteystiedot\/\" data-type=\"page\" data-id=\"124\">ota yhteytt\u00e4<\/a> ja varaa aika palveluihini Lahdessa. Oli kyseess\u00e4 h\u00e4\u00e4meikki, juhla- tai gaalameikki tai p\u00e4ivitt\u00e4inen meikki, autan sinua luomaan ilmeen, joka kest\u00e4\u00e4 ja saa sinut tuntemaan itsesi kauniiksi ja itsevarmaksi. Varaa aika <a href=\"https:\/\/www.mariannabliss.fi\/index.php\/yhteystiedot\/\" data-type=\"page\" data-id=\"124\">ottamalla yhteytt\u00e4<\/a> ja annan minun luoda ilmeen, joka t\u00e4ydent\u00e4\u00e4 kauneuttasi!<\/p>\n\n\n\n<div style=\"height:100px\" aria-hidden=\"true\" class=\"wp-block-spacer\"><\/div>\n\n\n<ul class=\"wp-block-latest-posts__list wp-block-latest-posts\"><li><a class=\"wp-block-latest-posts__post-title\" href=\"http:\/\/www.mariannabliss.fi\/index.php\/2025\/03\/02\/haakampaus-tarkea-osa-morsiamen-kokonaisilmetta\/\">H\u00e4\u00e4kampaus \u2013 t\u00e4rke\u00e4 osa morsiamen kokonaisilmett\u00e4<\/a><\/li>\n<li><a class=\"wp-block-latest-posts__post-title\" href=\"http:\/\/www.mariannabliss.fi\/index.php\/2025\/03\/01\/kauneuden-luominen-haameikista-ja-kampauksista-inspiraatiota\/\">Kauneuden luominen \u2013 h\u00e4\u00e4meikist\u00e4 ja kampauksista inspiraatiota<\/a><\/li>\n<li><a class=\"wp-block-latest-posts__post-title\" href=\"http:\/\/www.mariannabliss.fi\/index.php\/2025\/02\/26\/haameikki-taydellinen-luonnollinen-ja-kestava-morsiamen-meikki\/\">H\u00e4\u00e4meikki  \u2013 t\u00e4ydellinen, luonnollinen ja kest\u00e4v\u00e4 morsiamen meikki<\/a><\/li>\n<li><a class=\"wp-block-latest-posts__post-title\" href=\"http:\/\/www.mariannabliss.fi\/index.php\/2025\/02\/11\/hello-world\/\">Tervetuloa Marianna Bliss -blogiin! \ud83d\udc9c<\/a><\/li>\n<\/ul>","protected":false},"excerpt":{"rendered":"<p>Meikit Lahdessa \u2013 kauneus, joka kest\u00e4\u00e4 koko p\u00e4iv\u00e4n Tervetuloa Marianna Bliss -meikkipalveluihin! Olen Marianna, ammattilainen meikkitaiteilija Lahdessa, ja intohimoni on luoda kauniita, kest\u00e4vi\u00e4 ja luonnollisia meikkej\u00e4, jotka tekev\u00e4t asiakkaistani itsevarmoja ja kauniita omassa ihossaan. Meikin ei tarvitse olla vain ulkoista kauneutta \u2013 sen tulee heijastaa my\u00f6s sis\u00e4ist\u00e4 hehkua ja korostaa asiakkaan persoonallisuutta. Meikkipalveluni ovat suunniteltu [&hellip;]<\/p>\n","protected":false},"author":1,"featured_media":15,"parent":27,"menu_order":0,"comment_status":"closed","ping_status":"closed","template":"","meta":{"site-container-style":"default","site-container-layout":"default","site-sidebar-layout":"default","disable-article-header":"default","disable-site-header":"default","disable-site-footer":"default","disable-content-area-spacing":"default","footnotes":""},"class_list":["post-85","page","type-page","status-publish","has-post-thumbnail","hentry"],"yoast_head":"<!-- This site is optimized with the Yoast SEO plugin v26.8 - https:\/\/yoast.com\/product\/yoast-seo-wordpress\/ -->\n<title>Meikkaaja - Mariannabliss.fi<\/title>\n<meta name=\"robots\" content=\"index, follow, max-snippet:-1, max-image-preview:large, max-video-preview:-1\" \/>\n<link rel=\"canonical\" href=\"https:\/\/www.mariannabliss.fi\/index.php\/etusivu\/meikit\/\" \/>\n<meta property=\"og:locale\" content=\"fi_FI\" \/>\n<meta property=\"og:type\" content=\"article\" \/>\n<meta property=\"og:title\" content=\"Meikkaaja - Mariannabliss.fi\" \/>\n<meta property=\"og:description\" content=\"Meikit Lahdessa \u2013 kauneus, joka kest\u00e4\u00e4 koko p\u00e4iv\u00e4n Tervetuloa Marianna Bliss -meikkipalveluihin! Olen Marianna, ammattilainen meikkitaiteilija Lahdessa, ja intohimoni on luoda kauniita, kest\u00e4vi\u00e4 ja luonnollisia meikkej\u00e4, jotka tekev\u00e4t asiakkaistani itsevarmoja ja kauniita omassa ihossaan. Meikin ei tarvitse olla vain ulkoista kauneutta \u2013 sen tulee heijastaa my\u00f6s sis\u00e4ist\u00e4 hehkua ja korostaa asiakkaan persoonallisuutta. Meikkipalveluni ovat suunniteltu [&hellip;]\" \/>\n<meta property=\"og:url\" content=\"https:\/\/www.mariannabliss.fi\/index.php\/etusivu\/meikit\/\" \/>\n<meta property=\"og:site_name\" content=\"Mariannabliss.fi\" \/>\n<meta property=\"article:modified_time\" content=\"2026-01-25T17:49:28+00:00\" \/>\n<meta property=\"og:image\" content=\"https:\/\/www.mariannabliss.fi\/wp-content\/uploads\/2025\/02\/IMG_4460-scaled.jpeg\" \/>\n\t<meta property=\"og:image:width\" content=\"1707\" \/>\n\t<meta property=\"og:image:height\" content=\"2560\" \/>\n\t<meta property=\"og:image:type\" content=\"image\/jpeg\" \/>\n<meta name=\"twitter:card\" content=\"summary_large_image\" \/>\n<meta name=\"twitter:label1\" content=\"Arvioitu lukuaika\" \/>\n\t<meta name=\"twitter:data1\" content=\"3 minuuttia\" \/>\n<script type=\"application\/ld+json\" class=\"yoast-schema-graph\">{\"@context\":\"https:\/\/schema.org\",\"@graph\":[{\"@type\":\"WebPage\",\"@id\":\"https:\/\/www.mariannabliss.fi\/index.php\/etusivu\/meikit\/\",\"url\":\"https:\/\/www.mariannabliss.fi\/index.php\/etusivu\/meikit\/\",\"name\":\"Meikkaaja - Mariannabliss.fi\",\"isPartOf\":{\"@id\":\"https:\/\/www.mariannabliss.fi\/#website\"},\"primaryImageOfPage\":{\"@id\":\"https:\/\/www.mariannabliss.fi\/index.php\/etusivu\/meikit\/#primaryimage\"},\"image\":{\"@id\":\"https:\/\/www.mariannabliss.fi\/index.php\/etusivu\/meikit\/#primaryimage\"},\"thumbnailUrl\":\"http:\/\/www.mariannabliss.fi\/wp-content\/uploads\/2025\/02\/IMG_4460-scaled.jpeg\",\"datePublished\":\"2025-03-02T12:56:58+00:00\",\"dateModified\":\"2026-01-25T17:49:28+00:00\",\"breadcrumb\":{\"@id\":\"https:\/\/www.mariannabliss.fi\/index.php\/etusivu\/meikit\/#breadcrumb\"},\"inLanguage\":\"fi\",\"potentialAction\":[{\"@type\":\"ReadAction\",\"target\":[\"https:\/\/www.mariannabliss.fi\/index.php\/etusivu\/meikit\/\"]}]},{\"@type\":\"ImageObject\",\"inLanguage\":\"fi\",\"@id\":\"https:\/\/www.mariannabliss.fi\/index.php\/etusivu\/meikit\/#primaryimage\",\"url\":\"http:\/\/www.mariannabliss.fi\/wp-content\/uploads\/2025\/02\/IMG_4460-scaled.jpeg\",\"contentUrl\":\"http:\/\/www.mariannabliss.fi\/wp-content\/uploads\/2025\/02\/IMG_4460-scaled.jpeg\",\"width\":1707,\"height\":2560,\"caption\":\"Bridal makeup\"},{\"@type\":\"BreadcrumbList\",\"@id\":\"https:\/\/www.mariannabliss.fi\/index.php\/etusivu\/meikit\/#breadcrumb\",\"itemListElement\":[{\"@type\":\"ListItem\",\"position\":1,\"name\":\"Etusivu\",\"item\":\"http:\/\/www.mariannabliss.fi\/\"},{\"@type\":\"ListItem\",\"position\":2,\"name\":\"Etusivu\",\"item\":\"http:\/\/www.mariannabliss.fi\/\"},{\"@type\":\"ListItem\",\"position\":3,\"name\":\"Meikkaaja\"}]},{\"@type\":\"WebSite\",\"@id\":\"https:\/\/www.mariannabliss.fi\/#website\",\"url\":\"https:\/\/www.mariannabliss.fi\/\",\"name\":\"Mariannabliss.fi\",\"description\":\"T&auml;ydellisyys piilee yksityiskohdissa.\",\"potentialAction\":[{\"@type\":\"SearchAction\",\"target\":{\"@type\":\"EntryPoint\",\"urlTemplate\":\"https:\/\/www.mariannabliss.fi\/?s={search_term_string}\"},\"query-input\":{\"@type\":\"PropertyValueSpecification\",\"valueRequired\":true,\"valueName\":\"search_term_string\"}}],\"inLanguage\":\"fi\"}]}<\/script>\n<!-- \/ Yoast SEO plugin. -->","yoast_head_json":{"title":"Meikkaaja - Mariannabliss.fi","robots":{"index":"index","follow":"follow","max-snippet":"max-snippet:-1","max-image-preview":"max-image-preview:large","max-video-preview":"max-video-preview:-1"},"canonical":"https:\/\/www.mariannabliss.fi\/index.php\/etusivu\/meikit\/","og_locale":"fi_FI","og_type":"article","og_title":"Meikkaaja - Mariannabliss.fi","og_description":"Meikit Lahdessa \u2013 kauneus, joka kest\u00e4\u00e4 koko p\u00e4iv\u00e4n Tervetuloa Marianna Bliss -meikkipalveluihin! Olen Marianna, ammattilainen meikkitaiteilija Lahdessa, ja intohimoni on luoda kauniita, kest\u00e4vi\u00e4 ja luonnollisia meikkej\u00e4, jotka tekev\u00e4t asiakkaistani itsevarmoja ja kauniita omassa ihossaan. Meikin ei tarvitse olla vain ulkoista kauneutta \u2013 sen tulee heijastaa my\u00f6s sis\u00e4ist\u00e4 hehkua ja korostaa asiakkaan persoonallisuutta. Meikkipalveluni ovat suunniteltu [&hellip;]","og_url":"https:\/\/www.mariannabliss.fi\/index.php\/etusivu\/meikit\/","og_site_name":"Mariannabliss.fi","article_modified_time":"2026-01-25T17:49:28+00:00","og_image":[{"width":1707,"height":2560,"url":"https:\/\/www.mariannabliss.fi\/wp-content\/uploads\/2025\/02\/IMG_4460-scaled.jpeg","type":"image\/jpeg"}],"twitter_card":"summary_large_image","twitter_misc":{"Arvioitu lukuaika":"3 minuuttia"},"schema":{"@context":"https:\/\/schema.org","@graph":[{"@type":"WebPage","@id":"https:\/\/www.mariannabliss.fi\/index.php\/etusivu\/meikit\/","url":"https:\/\/www.mariannabliss.fi\/index.php\/etusivu\/meikit\/","name":"Meikkaaja - Mariannabliss.fi","isPartOf":{"@id":"https:\/\/www.mariannabliss.fi\/#website"},"primaryImageOfPage":{"@id":"https:\/\/www.mariannabliss.fi\/index.php\/etusivu\/meikit\/#primaryimage"},"image":{"@id":"https:\/\/www.mariannabliss.fi\/index.php\/etusivu\/meikit\/#primaryimage"},"thumbnailUrl":"http:\/\/www.mariannabliss.fi\/wp-content\/uploads\/2025\/02\/IMG_4460-scaled.jpeg","datePublished":"2025-03-02T12:56:58+00:00","dateModified":"2026-01-25T17:49:28+00:00","breadcrumb":{"@id":"https:\/\/www.mariannabliss.fi\/index.php\/etusivu\/meikit\/#breadcrumb"},"inLanguage":"fi","potentialAction":[{"@type":"ReadAction","target":["https:\/\/www.mariannabliss.fi\/index.php\/etusivu\/meikit\/"]}]},{"@type":"ImageObject","inLanguage":"fi","@id":"https:\/\/www.mariannabliss.fi\/index.php\/etusivu\/meikit\/#primaryimage","url":"http:\/\/www.mariannabliss.fi\/wp-content\/uploads\/2025\/02\/IMG_4460-scaled.jpeg","contentUrl":"http:\/\/www.mariannabliss.fi\/wp-content\/uploads\/2025\/02\/IMG_4460-scaled.jpeg","width":1707,"height":2560,"caption":"Bridal makeup"},{"@type":"BreadcrumbList","@id":"https:\/\/www.mariannabliss.fi\/index.php\/etusivu\/meikit\/#breadcrumb","itemListElement":[{"@type":"ListItem","position":1,"name":"Etusivu","item":"http:\/\/www.mariannabliss.fi\/"},{"@type":"ListItem","position":2,"name":"Etusivu","item":"http:\/\/www.mariannabliss.fi\/"},{"@type":"ListItem","position":3,"name":"Meikkaaja"}]},{"@type":"WebSite","@id":"https:\/\/www.mariannabliss.fi\/#website","url":"https:\/\/www.mariannabliss.fi\/","name":"Mariannabliss.fi","description":"T&auml;ydellisyys piilee yksityiskohdissa.","potentialAction":[{"@type":"SearchAction","target":{"@type":"EntryPoint","urlTemplate":"https:\/\/www.mariannabliss.fi\/?s={search_term_string}"},"query-input":{"@type":"PropertyValueSpecification","valueRequired":true,"valueName":"search_term_string"}}],"inLanguage":"fi"}]}},"_links":{"self":[{"href":"http:\/\/www.mariannabliss.fi\/index.php\/wp-json\/wp\/v2\/pages\/85","targetHints":{"allow":["GET"]}}],"collection":[{"href":"http:\/\/www.mariannabliss.fi\/index.php\/wp-json\/wp\/v2\/pages"}],"about":[{"href":"http:\/\/www.mariannabliss.fi\/index.php\/wp-json\/wp\/v2\/types\/page"}],"author":[{"embeddable":true,"href":"http:\/\/www.mariannabliss.fi\/index.php\/wp-json\/wp\/v2\/users\/1"}],"replies":[{"embeddable":true,"href":"http:\/\/www.mariannabliss.fi\/index.php\/wp-json\/wp\/v2\/comments?post=85"}],"version-history":[{"count":3,"href":"http:\/\/www.mariannabliss.fi\/index.php\/wp-json\/wp\/v2\/pages\/85\/revisions"}],"predecessor-version":[{"id":212,"href":"http:\/\/www.mariannabliss.fi\/index.php\/wp-json\/wp\/v2\/pages\/85\/revisions\/212"}],"up":[{"embeddable":true,"href":"http:\/\/www.mariannabliss.fi\/index.php\/wp-json\/wp\/v2\/pages\/27"}],"wp:featuredmedia":[{"embeddable":true,"href":"http:\/\/www.mariannabliss.fi\/index.php\/wp-json\/wp\/v2\/media\/15"}],"wp:attachment":[{"href":"http:\/\/www.mariannabliss.fi\/index.php\/wp-json\/wp\/v2\/media?parent=85"}],"curies":[{"name":"wp","href":"https:\/\/api.w.org\/{rel}","templated":true}]}}