{"id":27,"date":"2025-02-26T12:57:21","date_gmt":"2025-02-26T12:57:21","guid":{"rendered":"https:\/\/www.mariannabliss.fi\/?page_id=27"},"modified":"2026-01-25T17:51:46","modified_gmt":"2026-01-25T17:51:46","slug":"etusivu","status":"publish","type":"page","link":"http:\/\/www.mariannabliss.fi\/","title":{"rendered":"Etusivu"},"content":{"rendered":"\n<div class=\"wp-block-columns is-layout-flex wp-container-core-columns-is-layout-1 wp-block-columns-is-layout-flex\">\n<div class=\"wp-block-column is-layout-flow wp-block-column-is-layout-flow\">\n<div class=\"wp-block-cover has-white-color has-text-color has-link-color wp-elements-621ee9f1e3b060b8cfa260ce13dae1fc wp-duotone-unset-1\"><span aria-hidden=\"true\" class=\"wp-block-cover__background has-black-background-color has-background-dim-40 has-background-dim\"><\/span><img loading=\"lazy\" decoding=\"async\" width=\"2560\" height=\"2560\" class=\"wp-block-cover__image-background wp-image-17\" alt=\"Kampaukset\" src=\"https:\/\/www.mariannabliss.fi\/wp-content\/uploads\/2025\/02\/IMG_0066-edited-scaled.jpeg\" data-object-fit=\"cover\" srcset=\"http:\/\/www.mariannabliss.fi\/wp-content\/uploads\/2025\/02\/IMG_0066-edited-scaled.jpeg 2560w, http:\/\/www.mariannabliss.fi\/wp-content\/uploads\/2025\/02\/IMG_0066-edited-300x300.jpeg 300w, http:\/\/www.mariannabliss.fi\/wp-content\/uploads\/2025\/02\/IMG_0066-edited-1024x1024.jpeg 1024w, http:\/\/www.mariannabliss.fi\/wp-content\/uploads\/2025\/02\/IMG_0066-edited-150x150.jpeg 150w, http:\/\/www.mariannabliss.fi\/wp-content\/uploads\/2025\/02\/IMG_0066-edited-768x768.jpeg 768w, http:\/\/www.mariannabliss.fi\/wp-content\/uploads\/2025\/02\/IMG_0066-edited-1536x1536.jpeg 1536w, http:\/\/www.mariannabliss.fi\/wp-content\/uploads\/2025\/02\/IMG_0066-edited-2048x2048.jpeg 2048w\" sizes=\"auto, (max-width: 2560px) 100vw, 2560px\" \/><div class=\"wp-block-cover__inner-container is-layout-flow wp-block-cover-is-layout-flow\">\n<p class=\"has-text-align-center has-large-font-size\"><a href=\"https:\/\/www.mariannabliss.fi\/index.php\/etusivu\/kampaukset\/\" data-type=\"page\" data-id=\"78\">Kampaukset<\/a><\/p>\n<\/div><\/div>\n<\/div>\n\n\n\n<div class=\"wp-block-column is-layout-flow wp-block-column-is-layout-flow\">\n<div class=\"wp-block-cover has-white-color has-text-color has-link-color wp-elements-b95b05f084c04f32cf999ed6d906f612\"><span aria-hidden=\"true\" class=\"wp-block-cover__background has-black-background-color has-background-dim-40 has-background-dim\"><\/span><img loading=\"lazy\" decoding=\"async\" width=\"2560\" height=\"2560\" class=\"wp-block-cover__image-background wp-image-18\" alt=\"Marianna Kustova hairdresser stylist mua\" src=\"https:\/\/www.mariannabliss.fi\/wp-content\/uploads\/2025\/02\/IMG_2080-edited-scaled.jpeg\" data-object-fit=\"cover\" srcset=\"http:\/\/www.mariannabliss.fi\/wp-content\/uploads\/2025\/02\/IMG_2080-edited-scaled.jpeg 2560w, http:\/\/www.mariannabliss.fi\/wp-content\/uploads\/2025\/02\/IMG_2080-edited-300x300.jpeg 300w, http:\/\/www.mariannabliss.fi\/wp-content\/uploads\/2025\/02\/IMG_2080-edited-1024x1024.jpeg 1024w, http:\/\/www.mariannabliss.fi\/wp-content\/uploads\/2025\/02\/IMG_2080-edited-150x150.jpeg 150w, http:\/\/www.mariannabliss.fi\/wp-content\/uploads\/2025\/02\/IMG_2080-edited-768x768.jpeg 768w, http:\/\/www.mariannabliss.fi\/wp-content\/uploads\/2025\/02\/IMG_2080-edited-1536x1536.jpeg 1536w, http:\/\/www.mariannabliss.fi\/wp-content\/uploads\/2025\/02\/IMG_2080-edited-2048x2048.jpeg 2048w\" sizes=\"auto, (max-width: 2560px) 100vw, 2560px\" \/><div class=\"wp-block-cover__inner-container is-layout-flow wp-block-cover-is-layout-flow\">\n<p class=\"has-text-align-center has-large-font-size\"><a href=\"https:\/\/www.mariannabliss.fi\/index.php\/etusivu\/minusta\/\" data-type=\"page\" data-id=\"82\">Minusta<\/a><\/p>\n<\/div><\/div>\n<\/div>\n\n\n\n<div class=\"wp-block-column is-layout-flow wp-block-column-is-layout-flow\">\n<div class=\"wp-block-cover has-white-color has-text-color has-link-color wp-elements-c6fd29119373cdfe29ae36bfa9eb2ac2\"><span aria-hidden=\"true\" class=\"wp-block-cover__background has-black-background-color has-background-dim-40 has-background-dim\"><\/span><img loading=\"lazy\" decoding=\"async\" width=\"2560\" height=\"2560\" class=\"wp-block-cover__image-background wp-image-19\" alt=\"H\u00e4\u00e4meikki\" src=\"https:\/\/www.mariannabliss.fi\/wp-content\/uploads\/2025\/02\/IMG_4460-edited-scaled.jpeg\" data-object-fit=\"cover\" srcset=\"http:\/\/www.mariannabliss.fi\/wp-content\/uploads\/2025\/02\/IMG_4460-edited-scaled.jpeg 2560w, http:\/\/www.mariannabliss.fi\/wp-content\/uploads\/2025\/02\/IMG_4460-edited-300x300.jpeg 300w, http:\/\/www.mariannabliss.fi\/wp-content\/uploads\/2025\/02\/IMG_4460-edited-1024x1024.jpeg 1024w, http:\/\/www.mariannabliss.fi\/wp-content\/uploads\/2025\/02\/IMG_4460-edited-150x150.jpeg 150w, http:\/\/www.mariannabliss.fi\/wp-content\/uploads\/2025\/02\/IMG_4460-edited-768x768.jpeg 768w, http:\/\/www.mariannabliss.fi\/wp-content\/uploads\/2025\/02\/IMG_4460-edited-1536x1536.jpeg 1536w, http:\/\/www.mariannabliss.fi\/wp-content\/uploads\/2025\/02\/IMG_4460-edited-2048x2048.jpeg 2048w\" sizes=\"auto, (max-width: 2560px) 100vw, 2560px\" \/><div class=\"wp-block-cover__inner-container is-layout-flow wp-block-cover-is-layout-flow\">\n<p class=\"has-text-align-center has-large-font-size\"><a href=\"https:\/\/www.mariannabliss.fi\/index.php\/etusivu\/meikit\/\" data-type=\"page\" data-id=\"85\">Meikit<\/a><\/p>\n<\/div><\/div>\n<\/div>\n<\/div>\n\n\n\n<h2 class=\"wp-block-heading\"><strong>Marianna Bliss \u2013 meikkitaiteilija ja kampaaja Lahdessa<\/strong><\/h2>\n\n\n\n<p>Tervetuloa Marianna Bliss -kauneuspalveluihin! Olen <a href=\"https:\/\/www.mariannabliss.fi\/index.php\/etusivu\/minusta\/\" data-type=\"page\" data-id=\"82\">Marianna<\/a>, ammattitaitoinen meikkitaiteilija ja kampaaja, joka tarjoaa korkealaatuisia kauneuspalveluja Lahdessa. Erikoisalaani ovat <a href=\"https:\/\/www.mariannabliss.fi\/index.php\/etusivu\/meikit\/\" data-type=\"page\" data-id=\"85\">h\u00e4\u00e4meikit<\/a> ja <a href=\"https:\/\/www.mariannabliss.fi\/index.php\/etusivu\/kampaukset\/\" data-type=\"page\" data-id=\"78\">kampaukset<\/a>, mutta tarjoan my\u00f6s t\u00e4ydelliset meikki- ja hiusratkaisut erityistilaisuuksiin sek\u00e4 arkeen.<\/p>\n\n\n\n<p>Kauneuden luominen on minulle enemm\u00e4n kuin ty\u00f6 \u2013 se on intohimo. Tarjoan yksil\u00f6llist\u00e4 ja tarkkaa palvelua, joka vieh\u00e4tt\u00e4\u00e4 jokaista asiakasta. K\u00e4yt\u00e4n vain laadukkaita tuotteita ja ajan tasalla olevia tekniikoita, jotta tulos on aina moderni, kaunis ja kest\u00e4v\u00e4.<\/p>\n\n\n\n<h2 class=\"wp-block-heading\">Marianna &#8211; parturi-kampaaja Lahdessa. <\/h2>\n\n\n\n<p>Kauneutta hiuksiin &#8211; syd\u00e4mell\u00e4 tehtyn\u00e4 Lahdessa<\/p>\n\n\n\n<p>Vuonna 2025 aloitin parturi-kampaajaopinnot Salpauksessa Lahdessa, koska halusin syvent\u00e4\u00e4 osaamistani hiusten maailmassa ja kehitty\u00e4 entist\u00e4 paremmaksi ammattilaiseksi.<\/p>\n\n\n\n<p>Opiskelu antaa minulle joka p\u00e4iv\u00e4 uutta inspiraatiota, varmuutta ja rakkautta ty\u00f6h\u00f6ni.<\/p>\n\n\n\n<p>T\u00e4m\u00e4 matka on minulle enemm\u00e4n kuin koulutus \u2014 se on askel kohti unelmaa.&nbsp;<\/p>\n\n\n\n<h2 class=\"wp-block-heading\"><strong>H\u00e4\u00e4meikit ja kampaukset Lahdessa<\/strong><\/h2>\n\n\n\n<p><br>Erityisesti h\u00e4\u00e4p\u00e4iv\u00e4n kauneusratkaisut ovat intohimoni. Suunnittelen ja toteutan morsiamille kauniita ja kest\u00e4vi\u00e4 <a href=\"https:\/\/www.mariannabliss.fi\/index.php\/etusivu\/meikit\/\" data-type=\"page\" data-id=\"85\">meikkej\u00e4<\/a> ja <a href=\"https:\/\/www.mariannabliss.fi\/index.php\/etusivu\/kampaukset\/\" data-type=\"page\" data-id=\"78\">kampauksia<\/a>, jotka t\u00e4ydent\u00e4v\u00e4t juhlap\u00e4iv\u00e4n tunnelman. Meikkien ja kampauksien lis\u00e4ksi autan luomaan kokonaisvaltaisen ilmeen, joka korostaa juuri sinun kauneuttasi.<\/p>\n\n\n\n<h2 class=\"wp-block-heading\"><strong>Meikki- ja hiuspalvelut erityistilaisuuksiin<\/strong><\/h2>\n\n\n\n<p><br>Olitpa menossa juhliin, gaalaan tai muuhun erityistilaisuuteen, autan sinua luomaan t\u00e4ydellisen ilmeen. Erikoisosaamistani ovat my\u00f6s arkimeikit ja kampaukset, jotka tuovat esiin luonnollisen kauneuden ja auttavat sinua tuntemaan olosi itsevarmaksi ja upeaksi.<\/p>\n\n\n\n<h2 class=\"wp-block-heading\"><strong>Marianna Bliss \u2013 kauneus piilee yksityiskohdissa<\/strong><\/h2>\n\n\n\n<p><br>Olen ammatiltani meikkitaiteilija ja kampaaja, ja vuosien kokemus on opettanut minulle, ett\u00e4 t\u00e4ydellisyys piilee yksityiskohdissa. Jatkuva oppiminen ja itseni kehitt\u00e4minen takaavat, ett\u00e4 tarjoan asiakkaillemme aina parhaat ja ajankohtaisimmat ratkaisut.<\/p>\n\n\n\n<h3 class=\"wp-block-heading\"><strong>Varaukset ja yhteydenotot<\/strong><\/h3>\n\n\n\n<p><br><a href=\"https:\/\/www.mariannabliss.fi\/index.php\/yhteystiedot\/\" data-type=\"page\" data-id=\"124\">Ota yhteytt\u00e4<\/a> ja varaa aika kauneuspalveluihini Lahdessa. Oli kyseess\u00e4 h\u00e4\u00e4meikki, kampaus tai muu erikoistilaisuus, olen t\u00e4\u00e4ll\u00e4 auttamassa sinua saavuttamaan upean lopputuloksen.<\/p>\n\n\n\n<p>Tutustu palveluihini ja varaa aika <a href=\"https:\/\/www.mariannabliss.fi\/index.php\/yhteystiedot\/\" data-type=\"page\" data-id=\"124\">ottamalla yhteytt\u00e4<\/a>!<\/p>\n\n\n\n<figure class=\"wp-block-image size-large\"><img loading=\"lazy\" decoding=\"async\" width=\"1024\" height=\"683\" src=\"https:\/\/www.mariannabliss.fi\/wp-content\/uploads\/2026\/01\/IMG_5760-1-1024x683.jpg\" alt=\"\" class=\"wp-image-215\" srcset=\"http:\/\/www.mariannabliss.fi\/wp-content\/uploads\/2026\/01\/IMG_5760-1-1024x683.jpg 1024w, http:\/\/www.mariannabliss.fi\/wp-content\/uploads\/2026\/01\/IMG_5760-1-300x200.jpg 300w, http:\/\/www.mariannabliss.fi\/wp-content\/uploads\/2026\/01\/IMG_5760-1-768x512.jpg 768w, http:\/\/www.mariannabliss.fi\/wp-content\/uploads\/2026\/01\/IMG_5760-1-1536x1024.jpg 1536w, http:\/\/www.mariannabliss.fi\/wp-content\/uploads\/2026\/01\/IMG_5760-1-2048x1365.jpg 2048w\" sizes=\"auto, (max-width: 1024px) 100vw, 1024px\" \/><\/figure>\n\n\n\n<div style=\"height:100px\" aria-hidden=\"true\" class=\"wp-block-spacer\"><\/div>\n\n\n<ul class=\"wp-block-latest-posts__list wp-block-latest-posts\"><li><a class=\"wp-block-latest-posts__post-title\" href=\"http:\/\/www.mariannabliss.fi\/index.php\/2025\/03\/02\/haakampaus-tarkea-osa-morsiamen-kokonaisilmetta\/\">H\u00e4\u00e4kampaus \u2013 t\u00e4rke\u00e4 osa morsiamen kokonaisilmett\u00e4<\/a><\/li>\n<li><a class=\"wp-block-latest-posts__post-title\" href=\"http:\/\/www.mariannabliss.fi\/index.php\/2025\/03\/01\/kauneuden-luominen-haameikista-ja-kampauksista-inspiraatiota\/\">Kauneuden luominen \u2013 h\u00e4\u00e4meikist\u00e4 ja kampauksista inspiraatiota<\/a><\/li>\n<li><a class=\"wp-block-latest-posts__post-title\" href=\"http:\/\/www.mariannabliss.fi\/index.php\/2025\/02\/26\/haameikki-taydellinen-luonnollinen-ja-kestava-morsiamen-meikki\/\">H\u00e4\u00e4meikki  \u2013 t\u00e4ydellinen, luonnollinen ja kest\u00e4v\u00e4 morsiamen meikki<\/a><\/li>\n<li><a class=\"wp-block-latest-posts__post-title\" href=\"http:\/\/www.mariannabliss.fi\/index.php\/2025\/02\/11\/hello-world\/\">Tervetuloa Marianna Bliss -blogiin! \ud83d\udc9c<\/a><\/li>\n<\/ul>\n\n\n<figure class=\"wp-block-gallery has-nested-images columns-default is-cropped wp-block-gallery-2 is-layout-flex wp-block-gallery-is-layout-flex\"><\/figure>\n\n\n\n<figure class=\"wp-block-gallery has-nested-images columns-default is-cropped wp-block-gallery-3 is-layout-flex wp-block-gallery-is-layout-flex\"><\/figure>\n\n\n\n<figure class=\"wp-block-gallery has-nested-images columns-default is-cropped wp-block-gallery-4 is-layout-flex wp-block-gallery-is-layout-flex\"><\/figure>\n\n\n\n<figure class=\"wp-block-gallery has-nested-images columns-default is-cropped wp-block-gallery-5 is-layout-flex wp-block-gallery-is-layout-flex\"><\/figure>\n","protected":false},"excerpt":{"rendered":"<p>Marianna Bliss \u2013 meikkitaiteilija ja kampaaja Lahdessa Tervetuloa Marianna Bliss -kauneuspalveluihin! Olen Marianna, ammattitaitoinen meikkitaiteilija ja kampaaja, joka tarjoaa korkealaatuisia kauneuspalveluja Lahdessa. Erikoisalaani ovat h\u00e4\u00e4meikit ja kampaukset, mutta tarjoan my\u00f6s t\u00e4ydelliset meikki- ja hiusratkaisut erityistilaisuuksiin sek\u00e4 arkeen. Kauneuden luominen on minulle enemm\u00e4n kuin ty\u00f6 \u2013 se on intohimo. Tarjoan yksil\u00f6llist\u00e4 ja tarkkaa palvelua, joka vieh\u00e4tt\u00e4\u00e4 [&hellip;]<\/p>\n","protected":false},"author":1,"featured_media":0,"parent":0,"menu_order":0,"comment_status":"closed","ping_status":"closed","template":"","meta":{"site-container-style":"default","site-container-layout":"default","site-sidebar-layout":"default","disable-article-header":"default","disable-site-header":"default","disable-site-footer":"default","disable-content-area-spacing":"default","footnotes":""},"class_list":["post-27","page","type-page","status-publish","hentry"],"yoast_head":"<!-- This site is optimized with the Yoast SEO plugin v26.8 - https:\/\/yoast.com\/product\/yoast-seo-wordpress\/ -->\n<title>Etusivu - Mariannabliss.fi<\/title>\n<meta name=\"robots\" content=\"index, follow, max-snippet:-1, max-image-preview:large, max-video-preview:-1\" \/>\n<link rel=\"canonical\" href=\"http:\/\/www.mariannabliss.fi\/\" \/>\n<meta property=\"og:locale\" content=\"fi_FI\" \/>\n<meta property=\"og:type\" content=\"article\" \/>\n<meta property=\"og:title\" content=\"Etusivu - Mariannabliss.fi\" \/>\n<meta property=\"og:description\" content=\"Marianna Bliss \u2013 meikkitaiteilija ja kampaaja Lahdessa Tervetuloa Marianna Bliss -kauneuspalveluihin! Olen Marianna, ammattitaitoinen meikkitaiteilija ja kampaaja, joka tarjoaa korkealaatuisia kauneuspalveluja Lahdessa. Erikoisalaani ovat h\u00e4\u00e4meikit ja kampaukset, mutta tarjoan my\u00f6s t\u00e4ydelliset meikki- ja hiusratkaisut erityistilaisuuksiin sek\u00e4 arkeen. Kauneuden luominen on minulle enemm\u00e4n kuin ty\u00f6 \u2013 se on intohimo. Tarjoan yksil\u00f6llist\u00e4 ja tarkkaa palvelua, joka vieh\u00e4tt\u00e4\u00e4 [&hellip;]\" \/>\n<meta property=\"og:url\" content=\"http:\/\/www.mariannabliss.fi\/\" \/>\n<meta property=\"og:site_name\" content=\"Mariannabliss.fi\" \/>\n<meta property=\"article:modified_time\" content=\"2026-01-25T17:51:46+00:00\" \/>\n<meta property=\"og:image\" content=\"https:\/\/www.mariannabliss.fi\/wp-content\/uploads\/2026\/01\/IMG_5760-1-1024x683.jpg\" \/>\n<meta name=\"twitter:card\" content=\"summary_large_image\" \/>\n<meta name=\"twitter:label1\" content=\"Arvioitu lukuaika\" \/>\n\t<meta name=\"twitter:data1\" content=\"3 minuuttia\" \/>\n<script type=\"application\/ld+json\" class=\"yoast-schema-graph\">{\"@context\":\"https:\/\/schema.org\",\"@graph\":[{\"@type\":\"WebPage\",\"@id\":\"http:\/\/www.mariannabliss.fi\/\",\"url\":\"http:\/\/www.mariannabliss.fi\/\",\"name\":\"Etusivu - Mariannabliss.fi\",\"isPartOf\":{\"@id\":\"https:\/\/www.mariannabliss.fi\/#website\"},\"primaryImageOfPage\":{\"@id\":\"http:\/\/www.mariannabliss.fi\/#primaryimage\"},\"image\":{\"@id\":\"http:\/\/www.mariannabliss.fi\/#primaryimage\"},\"thumbnailUrl\":\"https:\/\/www.mariannabliss.fi\/wp-content\/uploads\/2026\/01\/IMG_5760-1-1024x683.jpg\",\"datePublished\":\"2025-02-26T12:57:21+00:00\",\"dateModified\":\"2026-01-25T17:51:46+00:00\",\"breadcrumb\":{\"@id\":\"http:\/\/www.mariannabliss.fi\/#breadcrumb\"},\"inLanguage\":\"fi\",\"potentialAction\":[{\"@type\":\"ReadAction\",\"target\":[\"http:\/\/www.mariannabliss.fi\/\"]}]},{\"@type\":\"ImageObject\",\"inLanguage\":\"fi\",\"@id\":\"http:\/\/www.mariannabliss.fi\/#primaryimage\",\"url\":\"http:\/\/www.mariannabliss.fi\/wp-content\/uploads\/2026\/01\/IMG_5760-1-scaled.jpg\",\"contentUrl\":\"http:\/\/www.mariannabliss.fi\/wp-content\/uploads\/2026\/01\/IMG_5760-1-scaled.jpg\",\"width\":2560,\"height\":1706},{\"@type\":\"BreadcrumbList\",\"@id\":\"http:\/\/www.mariannabliss.fi\/#breadcrumb\",\"itemListElement\":[{\"@type\":\"ListItem\",\"position\":1,\"name\":\"Etusivu\",\"item\":\"http:\/\/www.mariannabliss.fi\/\"},{\"@type\":\"ListItem\",\"position\":2,\"name\":\"Etusivu\"}]},{\"@type\":\"WebSite\",\"@id\":\"https:\/\/www.mariannabliss.fi\/#website\",\"url\":\"https:\/\/www.mariannabliss.fi\/\",\"name\":\"Mariannabliss.fi\",\"description\":\"T&auml;ydellisyys piilee yksityiskohdissa.\",\"potentialAction\":[{\"@type\":\"SearchAction\",\"target\":{\"@type\":\"EntryPoint\",\"urlTemplate\":\"https:\/\/www.mariannabliss.fi\/?s={search_term_string}\"},\"query-input\":{\"@type\":\"PropertyValueSpecification\",\"valueRequired\":true,\"valueName\":\"search_term_string\"}}],\"inLanguage\":\"fi\"}]}<\/script>\n<!-- \/ Yoast SEO plugin. -->","yoast_head_json":{"title":"Etusivu - Mariannabliss.fi","robots":{"index":"index","follow":"follow","max-snippet":"max-snippet:-1","max-image-preview":"max-image-preview:large","max-video-preview":"max-video-preview:-1"},"canonical":"http:\/\/www.mariannabliss.fi\/","og_locale":"fi_FI","og_type":"article","og_title":"Etusivu - Mariannabliss.fi","og_description":"Marianna Bliss \u2013 meikkitaiteilija ja kampaaja Lahdessa Tervetuloa Marianna Bliss -kauneuspalveluihin! Olen Marianna, ammattitaitoinen meikkitaiteilija ja kampaaja, joka tarjoaa korkealaatuisia kauneuspalveluja Lahdessa. Erikoisalaani ovat h\u00e4\u00e4meikit ja kampaukset, mutta tarjoan my\u00f6s t\u00e4ydelliset meikki- ja hiusratkaisut erityistilaisuuksiin sek\u00e4 arkeen. Kauneuden luominen on minulle enemm\u00e4n kuin ty\u00f6 \u2013 se on intohimo. Tarjoan yksil\u00f6llist\u00e4 ja tarkkaa palvelua, joka vieh\u00e4tt\u00e4\u00e4 [&hellip;]","og_url":"http:\/\/www.mariannabliss.fi\/","og_site_name":"Mariannabliss.fi","article_modified_time":"2026-01-25T17:51:46+00:00","og_image":[{"url":"https:\/\/www.mariannabliss.fi\/wp-content\/uploads\/2026\/01\/IMG_5760-1-1024x683.jpg","type":"","width":"","height":""}],"twitter_card":"summary_large_image","twitter_misc":{"Arvioitu lukuaika":"3 minuuttia"},"schema":{"@context":"https:\/\/schema.org","@graph":[{"@type":"WebPage","@id":"http:\/\/www.mariannabliss.fi\/","url":"http:\/\/www.mariannabliss.fi\/","name":"Etusivu - Mariannabliss.fi","isPartOf":{"@id":"https:\/\/www.mariannabliss.fi\/#website"},"primaryImageOfPage":{"@id":"http:\/\/www.mariannabliss.fi\/#primaryimage"},"image":{"@id":"http:\/\/www.mariannabliss.fi\/#primaryimage"},"thumbnailUrl":"https:\/\/www.mariannabliss.fi\/wp-content\/uploads\/2026\/01\/IMG_5760-1-1024x683.jpg","datePublished":"2025-02-26T12:57:21+00:00","dateModified":"2026-01-25T17:51:46+00:00","breadcrumb":{"@id":"http:\/\/www.mariannabliss.fi\/#breadcrumb"},"inLanguage":"fi","potentialAction":[{"@type":"ReadAction","target":["http:\/\/www.mariannabliss.fi\/"]}]},{"@type":"ImageObject","inLanguage":"fi","@id":"http:\/\/www.mariannabliss.fi\/#primaryimage","url":"http:\/\/www.mariannabliss.fi\/wp-content\/uploads\/2026\/01\/IMG_5760-1-scaled.jpg","contentUrl":"http:\/\/www.mariannabliss.fi\/wp-content\/uploads\/2026\/01\/IMG_5760-1-scaled.jpg","width":2560,"height":1706},{"@type":"BreadcrumbList","@id":"http:\/\/www.mariannabliss.fi\/#breadcrumb","itemListElement":[{"@type":"ListItem","position":1,"name":"Etusivu","item":"http:\/\/www.mariannabliss.fi\/"},{"@type":"ListItem","position":2,"name":"Etusivu"}]},{"@type":"WebSite","@id":"https:\/\/www.mariannabliss.fi\/#website","url":"https:\/\/www.mariannabliss.fi\/","name":"Mariannabliss.fi","description":"T&auml;ydellisyys piilee yksityiskohdissa.","potentialAction":[{"@type":"SearchAction","target":{"@type":"EntryPoint","urlTemplate":"https:\/\/www.mariannabliss.fi\/?s={search_term_string}"},"query-input":{"@type":"PropertyValueSpecification","valueRequired":true,"valueName":"search_term_string"}}],"inLanguage":"fi"}]}},"_links":{"self":[{"href":"http:\/\/www.mariannabliss.fi\/index.php\/wp-json\/wp\/v2\/pages\/27","targetHints":{"allow":["GET"]}}],"collection":[{"href":"http:\/\/www.mariannabliss.fi\/index.php\/wp-json\/wp\/v2\/pages"}],"about":[{"href":"http:\/\/www.mariannabliss.fi\/index.php\/wp-json\/wp\/v2\/types\/page"}],"author":[{"embeddable":true,"href":"http:\/\/www.mariannabliss.fi\/index.php\/wp-json\/wp\/v2\/users\/1"}],"replies":[{"embeddable":true,"href":"http:\/\/www.mariannabliss.fi\/index.php\/wp-json\/wp\/v2\/comments?post=27"}],"version-history":[{"count":12,"href":"http:\/\/www.mariannabliss.fi\/index.php\/wp-json\/wp\/v2\/pages\/27\/revisions"}],"predecessor-version":[{"id":216,"href":"http:\/\/www.mariannabliss.fi\/index.php\/wp-json\/wp\/v2\/pages\/27\/revisions\/216"}],"wp:attachment":[{"href":"http:\/\/www.mariannabliss.fi\/index.php\/wp-json\/wp\/v2\/media?parent=27"}],"curies":[{"name":"wp","href":"https:\/\/api.w.org\/{rel}","templated":true}]}}