{"id":124,"date":"2025-03-03T21:42:48","date_gmt":"2025-03-03T21:42:48","guid":{"rendered":"https:\/\/www.mariannabliss.fi\/?page_id=124"},"modified":"2025-03-04T20:34:17","modified_gmt":"2025-03-04T20:34:17","slug":"yhteystiedot","status":"publish","type":"page","link":"http:\/\/www.mariannabliss.fi\/index.php\/yhteystiedot\/","title":{"rendered":"Yhteystiedot"},"content":{"rendered":"\n<h2 class=\"wp-block-heading\"><strong>Ota yhteytt\u00e4 \u2013 varaa aika Marianna Bliss -kauneuspalveluihin Lahdessa<\/strong><\/h2>\n\n\n\n<p>Etsitk\u00f6 ammattitaitoista <strong><a href=\"https:\/\/www.mariannabliss.fi\/index.php\/etusivu\/minusta\/\" data-type=\"page\" data-id=\"82\">meikkitaiteilijaa ja kampaajaa Lahdessa<\/a><\/strong>? Tarvitsetko t\u00e4ydellisen <strong><a href=\"https:\/\/www.mariannabliss.fi\/index.php\/etusivu\/meikit\/\" data-type=\"page\" data-id=\"85\">h\u00e4\u00e4meikin<\/a><\/strong> ja <strong><a href=\"https:\/\/www.mariannabliss.fi\/index.php\/etusivu\/kampaukset\/\" data-type=\"page\" data-id=\"78\">h\u00e4\u00e4kampauksen<\/a><\/strong>, juhlakampauksen tai kauniin meikin erityistilaisuuteen? Olen t\u00e4\u00e4ll\u00e4 auttamassa sinua luomaan upean ja kest\u00e4v\u00e4n ilmeen, joka saa sinut tuntemaan itsesi itsevarmaksi ja s\u00e4teilev\u00e4ksi!<\/p>\n\n\n\n<p>Voit ottaa minuun yhteytt\u00e4 helposti varausta tai lis\u00e4tietoja varten. Vastaan mielell\u00e4ni kaikkiin kysymyksiisi ja autan sinua l\u00f6yt\u00e4m\u00e4\u00e4n juuri sinulle sopivan <a href=\"https:\/\/www.mariannabliss.fi\/index.php\/palvelut\/\" data-type=\"page\" data-id=\"118\">palvelun<\/a>.<\/p>\n\n\n\n<p>\ud83d\udccd <strong>Sijainti:<\/strong> ArtMax Studio, Lahti<br>\ud83d\udcde <strong>Puhelin:<\/strong> +358 40 834 2656<br>\u2709\ufe0f <strong>S\u00e4hk\u00f6posti:<\/strong> marianna.kustova87@gmail.com<br><\/p>\n\n\n\n<p><strong>Ota yhteytt\u00e4 ja varaa aikasi jo t\u00e4n\u00e4\u00e4n ja varmista, ett\u00e4 meikkisi ja kampauksesi ovat t\u00e4ydellisi\u00e4 t\u00e4rke\u00e4\u00e4n p\u00e4iv\u00e4\u00e4si!<\/strong><\/p>\n\n\n\n<div style=\"height:100px\" aria-hidden=\"true\" class=\"wp-block-spacer\"><\/div>\n\n\n\n<div class=\"wp-block-columns is-layout-flex wp-container-core-columns-is-layout-1 wp-block-columns-is-layout-flex\">\n<div class=\"wp-block-column is-layout-flow wp-block-column-is-layout-flow\">\n<div class=\"wp-block-cover has-white-color has-text-color has-link-color wp-elements-621ee9f1e3b060b8cfa260ce13dae1fc wp-duotone-unset-1\"><span aria-hidden=\"true\" class=\"wp-block-cover__background has-black-background-color has-background-dim-40 has-background-dim\"><\/span><img loading=\"lazy\" decoding=\"async\" width=\"2560\" height=\"2560\" class=\"wp-block-cover__image-background wp-image-17\" alt=\"Kampaukset\" src=\"https:\/\/www.mariannabliss.fi\/wp-content\/uploads\/2025\/02\/IMG_0066-edited-scaled.jpeg\" data-object-fit=\"cover\" srcset=\"http:\/\/www.mariannabliss.fi\/wp-content\/uploads\/2025\/02\/IMG_0066-edited-scaled.jpeg 2560w, http:\/\/www.mariannabliss.fi\/wp-content\/uploads\/2025\/02\/IMG_0066-edited-300x300.jpeg 300w, http:\/\/www.mariannabliss.fi\/wp-content\/uploads\/2025\/02\/IMG_0066-edited-1024x1024.jpeg 1024w, http:\/\/www.mariannabliss.fi\/wp-content\/uploads\/2025\/02\/IMG_0066-edited-150x150.jpeg 150w, http:\/\/www.mariannabliss.fi\/wp-content\/uploads\/2025\/02\/IMG_0066-edited-768x768.jpeg 768w, http:\/\/www.mariannabliss.fi\/wp-content\/uploads\/2025\/02\/IMG_0066-edited-1536x1536.jpeg 1536w, http:\/\/www.mariannabliss.fi\/wp-content\/uploads\/2025\/02\/IMG_0066-edited-2048x2048.jpeg 2048w\" sizes=\"auto, (max-width: 2560px) 100vw, 2560px\" \/><div class=\"wp-block-cover__inner-container is-layout-flow wp-block-cover-is-layout-flow\">\n<p class=\"has-text-align-center has-large-font-size\"><a href=\"https:\/\/www.mariannabliss.fi\/index.php\/etusivu\/kampaukset\/\" data-type=\"page\" data-id=\"78\">Kampaukset<\/a><\/p>\n<\/div><\/div>\n<\/div>\n\n\n\n<div class=\"wp-block-column is-layout-flow wp-block-column-is-layout-flow\">\n<div class=\"wp-block-cover has-white-color has-text-color has-link-color wp-elements-b95b05f084c04f32cf999ed6d906f612\"><span aria-hidden=\"true\" class=\"wp-block-cover__background has-black-background-color has-background-dim-40 has-background-dim\"><\/span><img loading=\"lazy\" decoding=\"async\" width=\"2560\" height=\"2560\" class=\"wp-block-cover__image-background wp-image-18\" alt=\"Marianna Kustova hairdresser stylist mua\" src=\"https:\/\/www.mariannabliss.fi\/wp-content\/uploads\/2025\/02\/IMG_2080-edited-scaled.jpeg\" data-object-fit=\"cover\" srcset=\"http:\/\/www.mariannabliss.fi\/wp-content\/uploads\/2025\/02\/IMG_2080-edited-scaled.jpeg 2560w, http:\/\/www.mariannabliss.fi\/wp-content\/uploads\/2025\/02\/IMG_2080-edited-300x300.jpeg 300w, http:\/\/www.mariannabliss.fi\/wp-content\/uploads\/2025\/02\/IMG_2080-edited-1024x1024.jpeg 1024w, http:\/\/www.mariannabliss.fi\/wp-content\/uploads\/2025\/02\/IMG_2080-edited-150x150.jpeg 150w, http:\/\/www.mariannabliss.fi\/wp-content\/uploads\/2025\/02\/IMG_2080-edited-768x768.jpeg 768w, http:\/\/www.mariannabliss.fi\/wp-content\/uploads\/2025\/02\/IMG_2080-edited-1536x1536.jpeg 1536w, http:\/\/www.mariannabliss.fi\/wp-content\/uploads\/2025\/02\/IMG_2080-edited-2048x2048.jpeg 2048w\" sizes=\"auto, (max-width: 2560px) 100vw, 2560px\" \/><div class=\"wp-block-cover__inner-container is-layout-flow wp-block-cover-is-layout-flow\">\n<p class=\"has-text-align-center has-large-font-size\"><a href=\"https:\/\/www.mariannabliss.fi\/index.php\/etusivu\/minusta\/\" data-type=\"page\" data-id=\"82\">Minusta<\/a><\/p>\n<\/div><\/div>\n<\/div>\n\n\n\n<div class=\"wp-block-column is-layout-flow wp-block-column-is-layout-flow\">\n<div class=\"wp-block-cover has-white-color has-text-color has-link-color wp-elements-c6fd29119373cdfe29ae36bfa9eb2ac2\"><span aria-hidden=\"true\" class=\"wp-block-cover__background has-black-background-color has-background-dim-40 has-background-dim\"><\/span><img loading=\"lazy\" decoding=\"async\" width=\"2560\" height=\"2560\" class=\"wp-block-cover__image-background wp-image-19\" alt=\"H\u00e4\u00e4meikki\" src=\"https:\/\/www.mariannabliss.fi\/wp-content\/uploads\/2025\/02\/IMG_4460-edited-scaled.jpeg\" data-object-fit=\"cover\" srcset=\"http:\/\/www.mariannabliss.fi\/wp-content\/uploads\/2025\/02\/IMG_4460-edited-scaled.jpeg 2560w, http:\/\/www.mariannabliss.fi\/wp-content\/uploads\/2025\/02\/IMG_4460-edited-300x300.jpeg 300w, http:\/\/www.mariannabliss.fi\/wp-content\/uploads\/2025\/02\/IMG_4460-edited-1024x1024.jpeg 1024w, http:\/\/www.mariannabliss.fi\/wp-content\/uploads\/2025\/02\/IMG_4460-edited-150x150.jpeg 150w, http:\/\/www.mariannabliss.fi\/wp-content\/uploads\/2025\/02\/IMG_4460-edited-768x768.jpeg 768w, http:\/\/www.mariannabliss.fi\/wp-content\/uploads\/2025\/02\/IMG_4460-edited-1536x1536.jpeg 1536w, http:\/\/www.mariannabliss.fi\/wp-content\/uploads\/2025\/02\/IMG_4460-edited-2048x2048.jpeg 2048w\" sizes=\"auto, (max-width: 2560px) 100vw, 2560px\" \/><div class=\"wp-block-cover__inner-container is-layout-flow wp-block-cover-is-layout-flow\">\n<p class=\"has-text-align-center has-large-font-size\"><a href=\"https:\/\/www.mariannabliss.fi\/index.php\/etusivu\/meikit\/\" data-type=\"page\" data-id=\"85\">Meikit<\/a><\/p>\n<\/div><\/div>\n<\/div>\n<\/div>\n","protected":false},"excerpt":{"rendered":"<p>Ota yhteytt\u00e4 \u2013 varaa aika Marianna Bliss -kauneuspalveluihin Lahdessa Etsitk\u00f6 ammattitaitoista meikkitaiteilijaa ja kampaajaa Lahdessa? Tarvitsetko t\u00e4ydellisen h\u00e4\u00e4meikin ja h\u00e4\u00e4kampauksen, juhlakampauksen tai kauniin meikin erityistilaisuuteen? Olen t\u00e4\u00e4ll\u00e4 auttamassa sinua luomaan upean ja kest\u00e4v\u00e4n ilmeen, joka saa sinut tuntemaan itsesi itsevarmaksi ja s\u00e4teilev\u00e4ksi! Voit ottaa minuun yhteytt\u00e4 helposti varausta tai lis\u00e4tietoja varten. Vastaan mielell\u00e4ni kaikkiin kysymyksiisi [&hellip;]<\/p>\n","protected":false},"author":1,"featured_media":0,"parent":0,"menu_order":0,"comment_status":"closed","ping_status":"closed","template":"","meta":{"site-container-style":"default","site-container-layout":"default","site-sidebar-layout":"default","disable-article-header":"default","disable-site-header":"default","disable-site-footer":"default","disable-content-area-spacing":"default","footnotes":""},"class_list":["post-124","page","type-page","status-publish","hentry"],"yoast_head":"<!-- This site is optimized with the Yoast SEO plugin v26.8 - https:\/\/yoast.com\/product\/yoast-seo-wordpress\/ -->\n<title>Yhteystiedot - Mariannabliss.fi<\/title>\n<meta name=\"robots\" content=\"index, follow, max-snippet:-1, max-image-preview:large, max-video-preview:-1\" \/>\n<link rel=\"canonical\" href=\"http:\/\/www.mariannabliss.fi\/index.php\/yhteystiedot\/\" \/>\n<meta property=\"og:locale\" content=\"fi_FI\" \/>\n<meta property=\"og:type\" content=\"article\" \/>\n<meta property=\"og:title\" content=\"Yhteystiedot - Mariannabliss.fi\" \/>\n<meta property=\"og:description\" content=\"Ota yhteytt\u00e4 \u2013 varaa aika Marianna Bliss -kauneuspalveluihin Lahdessa Etsitk\u00f6 ammattitaitoista meikkitaiteilijaa ja kampaajaa Lahdessa? Tarvitsetko t\u00e4ydellisen h\u00e4\u00e4meikin ja h\u00e4\u00e4kampauksen, juhlakampauksen tai kauniin meikin erityistilaisuuteen? Olen t\u00e4\u00e4ll\u00e4 auttamassa sinua luomaan upean ja kest\u00e4v\u00e4n ilmeen, joka saa sinut tuntemaan itsesi itsevarmaksi ja s\u00e4teilev\u00e4ksi! Voit ottaa minuun yhteytt\u00e4 helposti varausta tai lis\u00e4tietoja varten. Vastaan mielell\u00e4ni kaikkiin kysymyksiisi [&hellip;]\" \/>\n<meta property=\"og:url\" content=\"http:\/\/www.mariannabliss.fi\/index.php\/yhteystiedot\/\" \/>\n<meta property=\"og:site_name\" content=\"Mariannabliss.fi\" \/>\n<meta property=\"article:modified_time\" content=\"2025-03-04T20:34:17+00:00\" \/>\n<meta name=\"twitter:card\" content=\"summary_large_image\" \/>\n<meta name=\"twitter:label1\" content=\"Arvioitu lukuaika\" \/>\n\t<meta name=\"twitter:data1\" content=\"1 minuutti\" \/>\n<script type=\"application\/ld+json\" class=\"yoast-schema-graph\">{\"@context\":\"https:\/\/schema.org\",\"@graph\":[{\"@type\":\"WebPage\",\"@id\":\"http:\/\/www.mariannabliss.fi\/index.php\/yhteystiedot\/\",\"url\":\"http:\/\/www.mariannabliss.fi\/index.php\/yhteystiedot\/\",\"name\":\"Yhteystiedot - Mariannabliss.fi\",\"isPartOf\":{\"@id\":\"https:\/\/www.mariannabliss.fi\/#website\"},\"datePublished\":\"2025-03-03T21:42:48+00:00\",\"dateModified\":\"2025-03-04T20:34:17+00:00\",\"breadcrumb\":{\"@id\":\"http:\/\/www.mariannabliss.fi\/index.php\/yhteystiedot\/#breadcrumb\"},\"inLanguage\":\"fi\",\"potentialAction\":[{\"@type\":\"ReadAction\",\"target\":[\"http:\/\/www.mariannabliss.fi\/index.php\/yhteystiedot\/\"]}]},{\"@type\":\"BreadcrumbList\",\"@id\":\"http:\/\/www.mariannabliss.fi\/index.php\/yhteystiedot\/#breadcrumb\",\"itemListElement\":[{\"@type\":\"ListItem\",\"position\":1,\"name\":\"Etusivu\",\"item\":\"http:\/\/www.mariannabliss.fi\/\"},{\"@type\":\"ListItem\",\"position\":2,\"name\":\"Yhteystiedot\"}]},{\"@type\":\"WebSite\",\"@id\":\"https:\/\/www.mariannabliss.fi\/#website\",\"url\":\"https:\/\/www.mariannabliss.fi\/\",\"name\":\"Mariannabliss.fi\",\"description\":\"T&auml;ydellisyys piilee yksityiskohdissa.\",\"potentialAction\":[{\"@type\":\"SearchAction\",\"target\":{\"@type\":\"EntryPoint\",\"urlTemplate\":\"https:\/\/www.mariannabliss.fi\/?s={search_term_string}\"},\"query-input\":{\"@type\":\"PropertyValueSpecification\",\"valueRequired\":true,\"valueName\":\"search_term_string\"}}],\"inLanguage\":\"fi\"}]}<\/script>\n<!-- \/ Yoast SEO plugin. -->","yoast_head_json":{"title":"Yhteystiedot - Mariannabliss.fi","robots":{"index":"index","follow":"follow","max-snippet":"max-snippet:-1","max-image-preview":"max-image-preview:large","max-video-preview":"max-video-preview:-1"},"canonical":"http:\/\/www.mariannabliss.fi\/index.php\/yhteystiedot\/","og_locale":"fi_FI","og_type":"article","og_title":"Yhteystiedot - Mariannabliss.fi","og_description":"Ota yhteytt\u00e4 \u2013 varaa aika Marianna Bliss -kauneuspalveluihin Lahdessa Etsitk\u00f6 ammattitaitoista meikkitaiteilijaa ja kampaajaa Lahdessa? Tarvitsetko t\u00e4ydellisen h\u00e4\u00e4meikin ja h\u00e4\u00e4kampauksen, juhlakampauksen tai kauniin meikin erityistilaisuuteen? Olen t\u00e4\u00e4ll\u00e4 auttamassa sinua luomaan upean ja kest\u00e4v\u00e4n ilmeen, joka saa sinut tuntemaan itsesi itsevarmaksi ja s\u00e4teilev\u00e4ksi! Voit ottaa minuun yhteytt\u00e4 helposti varausta tai lis\u00e4tietoja varten. Vastaan mielell\u00e4ni kaikkiin kysymyksiisi [&hellip;]","og_url":"http:\/\/www.mariannabliss.fi\/index.php\/yhteystiedot\/","og_site_name":"Mariannabliss.fi","article_modified_time":"2025-03-04T20:34:17+00:00","twitter_card":"summary_large_image","twitter_misc":{"Arvioitu lukuaika":"1 minuutti"},"schema":{"@context":"https:\/\/schema.org","@graph":[{"@type":"WebPage","@id":"http:\/\/www.mariannabliss.fi\/index.php\/yhteystiedot\/","url":"http:\/\/www.mariannabliss.fi\/index.php\/yhteystiedot\/","name":"Yhteystiedot - Mariannabliss.fi","isPartOf":{"@id":"https:\/\/www.mariannabliss.fi\/#website"},"datePublished":"2025-03-03T21:42:48+00:00","dateModified":"2025-03-04T20:34:17+00:00","breadcrumb":{"@id":"http:\/\/www.mariannabliss.fi\/index.php\/yhteystiedot\/#breadcrumb"},"inLanguage":"fi","potentialAction":[{"@type":"ReadAction","target":["http:\/\/www.mariannabliss.fi\/index.php\/yhteystiedot\/"]}]},{"@type":"BreadcrumbList","@id":"http:\/\/www.mariannabliss.fi\/index.php\/yhteystiedot\/#breadcrumb","itemListElement":[{"@type":"ListItem","position":1,"name":"Etusivu","item":"http:\/\/www.mariannabliss.fi\/"},{"@type":"ListItem","position":2,"name":"Yhteystiedot"}]},{"@type":"WebSite","@id":"https:\/\/www.mariannabliss.fi\/#website","url":"https:\/\/www.mariannabliss.fi\/","name":"Mariannabliss.fi","description":"T&auml;ydellisyys piilee yksityiskohdissa.","potentialAction":[{"@type":"SearchAction","target":{"@type":"EntryPoint","urlTemplate":"https:\/\/www.mariannabliss.fi\/?s={search_term_string}"},"query-input":{"@type":"PropertyValueSpecification","valueRequired":true,"valueName":"search_term_string"}}],"inLanguage":"fi"}]}},"_links":{"self":[{"href":"http:\/\/www.mariannabliss.fi\/index.php\/wp-json\/wp\/v2\/pages\/124","targetHints":{"allow":["GET"]}}],"collection":[{"href":"http:\/\/www.mariannabliss.fi\/index.php\/wp-json\/wp\/v2\/pages"}],"about":[{"href":"http:\/\/www.mariannabliss.fi\/index.php\/wp-json\/wp\/v2\/types\/page"}],"author":[{"embeddable":true,"href":"http:\/\/www.mariannabliss.fi\/index.php\/wp-json\/wp\/v2\/users\/1"}],"replies":[{"embeddable":true,"href":"http:\/\/www.mariannabliss.fi\/index.php\/wp-json\/wp\/v2\/comments?post=124"}],"version-history":[{"count":3,"href":"http:\/\/www.mariannabliss.fi\/index.php\/wp-json\/wp\/v2\/pages\/124\/revisions"}],"predecessor-version":[{"id":147,"href":"http:\/\/www.mariannabliss.fi\/index.php\/wp-json\/wp\/v2\/pages\/124\/revisions\/147"}],"wp:attachment":[{"href":"http:\/\/www.mariannabliss.fi\/index.php\/wp-json\/wp\/v2\/media?parent=124"}],"curies":[{"name":"wp","href":"https:\/\/api.w.org\/{rel}","templated":true}]}}